{"id":1354,"date":"2019-01-22T11:31:28","date_gmt":"2019-01-22T11:31:28","guid":{"rendered":"https:\/\/logitransport.com.ec\/index.php\/our-services\/"},"modified":"2020-11-15T01:04:36","modified_gmt":"2020-11-15T01:04:36","slug":"servicios","status":"publish","type":"page","link":"https:\/\/logitransport.com.ec\/index.php\/servicios\/","title":{"rendered":"Nuestros Servicios"},"content":{"rendered":"[vc_row][vc_column width=\u00bb1\/4&#8243;]<div class='cws_textmodule cws_vc_shortcode_module' id='cws_textmodule_69f34128bf000'><div class='cws_textmodule_wrapper '><div class='cws_textmodule_text text_align_left'><div class='cws_textmodule_titles display_block'><h1 class='cws_textmodule_title'><span>Nuestros Servicios<\/span><\/h1><\/div><\/div><\/div><\/div>[\/vc_column][vc_column width=\u00bb3\/4&#8243; css=\u00bb.vc_custom_1548157427634{padding-right: 100px !important;}\u00bb]<div class='cws_textmodule cws_vc_shortcode_module  vc_custom_1605391235065' id='cws_textmodule_69f34128bf2ac'><div class='cws_textmodule_wrapper '><div class='cws_textmodule_text text_align_left'><div class='cws_textmodule_content'><div class='text_content_wrapper'><p>LOGITRANSPORT S.A. nace en 2011, estableci\u00e9ndose como una empresa l\u00edder en m\u00faltiples servicios en el campo de la gesti\u00f3n aduanera y log\u00edstica integral de servicios de Comercio Exterior. Todo esto lo hemos logrado por medio de la implementaci\u00f3n del mejor recurso tecnol\u00f3gico, personal selecto y competente, y adem\u00e1s del posicionamiento estrat\u00e9gico de nuestra oficina cerca del puerto principal.<\/p>\n<\/div><\/div><\/div><\/div><\/div>[\/vc_column][\/vc_row][vc_row full_width=\u00bbstretch_row_content_no_spaces\u00bb][vc_column]<div class=\"cws_spacing cws_spacing_size_sm_desctop-on cws_spacing_tablet-on cws_spacing_mobile-on\"><div class=\"cws_spacing cws_spacing_default\" style=\"height:90px;\"><\/div> <div class=\"cws_spacing cws_spacing_size_sm_desctop\" style=\"height:90px;\"><\/div> <div class=\"cws_spacing cws_spacing_tablet\" style=\"height:40px;\"><\/div> <div class=\"cws_spacing cws_spacing_mobile\" style=\"height:40px;\"><\/div><\/div>[vc_row_inner][vc_column_inner]<div id='tabs_gallery_id_69f34128bf890' class='shortcode_tabs_gallery '><div class='container'><div class='tabs_content'><div class='tabs_controls'><div class='tabs_control_item active'><div class='tabs_control_title'>Importaci\u00f3n <\/div><div class='tabs_control_counter'>01<\/div><\/div><div class='tabs_control_item'><div class='tabs_control_title'>Exportaci\u00f3n<\/div><div class='tabs_control_counter'>02<\/div><\/div><div class='tabs_control_item'><div class='tabs_control_title'>Log\u00edstica Transporte Interno<\/div><div class='tabs_control_counter'>03<\/div><\/div><\/div><div class='tabs_text_wrapper'><div class='tab tabs_text'><h3 class='tab_text_title'>Importaci\u00f3n <\/h3><p>Para los procesos de aduana de importaci\u00f3n, usted contar\u00e1 con nuestra asesor\u00eda desde el momento en el cual su empresa se encuentre en la negociaci\u00f3n de compra-venta de un producto del exterior. Para evitar cualquier inconveniente durante el proceso de nacionalizaci\u00f3n, nuestro equipo de trabajo realizar\u00e1 las siguientes actividades previas al embarque<\/p><\/div><div class='tab tabs_text'><h3 class='tab_text_title'>Exportaci\u00f3n<\/h3><p>En el caso de las exportaciones, nuestro equipo de expertos brindar\u00e1 el servicio a cada uno de sus procesos de aduana, desarrollando las actividades de an\u00e1lisis y evaluaci\u00f3n de la factura comercial (factura proforma) con el fin de confirmar el cumplimiento de los requerimientos aduaneros, para el proceso de importaci\u00f3n, as\u00ed como tambi\u00e9n la elaboraci\u00f3n de fichas t\u00e9cnicas, certificados de conformidad, documentos previos para su aprobaci\u00f3n en los diferentes entes reguladores<\/p><\/div><div class='tab tabs_text'><h3 class='tab_text_title'>Log\u00edstica Transporte Interno<\/h3><p>Como parte integral de la cadena log\u00edstica, ofrecemos el servicio de Transporte Internacional de Carga para importaci\u00f3n y exportaci\u00f3n por v\u00eda a\u00e9rea mar\u00edtimo o terrestre. Contamos con acuerdos preferenciales con varias empresas de transporte internacional en el Ecuador y mantenemos agentes de carga exclusivos en los principales puertos y aeropuertos del mundo. Dentro del servicio de transporte internacional de carga<\/p><\/div><\/div><\/div><\/div><div class='tabs_bg'><div class='tabs_content_placeholder'><\/div><div class='tabs_gallery'><div class='tabs_gallery_item' style='background-image: url(https:\/\/logitransport.com.ec\/wp-content\/uploads\/2019\/01\/9-1-1.jpg);'><\/div><div class='tabs_gallery_item' style='background-image: url(https:\/\/logitransport.com.ec\/wp-content\/uploads\/2019\/01\/3-1-1.jpg);'><\/div><div class='tabs_gallery_item' style='background-image: url(https:\/\/logitransport.com.ec\/wp-content\/uploads\/2019\/01\/10-1-1.jpg);'><\/div><\/div><\/div><\/div>[\/vc_column_inner][\/vc_row_inner][\/vc_column][\/vc_row][vc_row full_width=\u00bbstretch_row\u00bb equal_height=\u00bbyes\u00bb bg_image_position=\u00bbcenter_center\u00bb css=\u00bb.vc_custom_1605402124715{background: #2f3985 url(https:\/\/logitransport.com.ec\/wp-content\/uploads\/2020\/11\/lOGITRANSPORT-sEP\u00b4TIEMBRE-2020Mesa-de-trabajo-1-copia-8-3.png?id=3164) !important;}\u00bb][vc_column width=\u00bb5\/12&#8243; css=\u00bb.vc_custom_1548160073919{padding-right: 130px !important;}\u00bb]<div class=\"cws_spacing\"><div class=\"cws_spacing cws_spacing_default\" style=\"height:110px;\"><\/div><\/div><div class='cws_textmodule cws_vc_shortcode_module' id='cws_textmodule_69f34128bfa5f'><div class='cws_textmodule_wrapper '><div class='cws_textmodule_text text_align_left'><div class='cws_textmodule_titles display_block'><h1 class='cws_textmodule_title'><span>Estamos para ayudarte en:<\/span><\/h1><\/div><\/div><\/div><\/div><div class=\"cws_spacing\"><div class=\"cws_spacing cws_spacing_default\" style=\"height:60px;\"><\/div><\/div><div id='cws_service_item_69f34128bfcd0' class='cws_service_item cws_vc_shortcode_module title_beside style_default a-left v-top'><a href='#' class='cws_service_item_wrapper clearfix'><span class='cws_service_icon_wrapper cws_service_side'><i class=\"svg\" style=\"width:64px; height:64px\"><svg data-cwssvg-init class=\"001-airport.svg\" version=\"1.1\" xmlns=\"http:\/\/www.w3.org\/2000\/svg\" xmlns:xlink=\"http:\/\/www.w3.org\/1999\/xlink\" x=\"0px\" y=\"0px\" viewBox=\"0 0 480 480\" style=\"enable-background:new 0 0 480 480;\" xml:space=\"preserve\"><path class=\"cwssvgi_0\" d=\"M476.672,10.767c-1.351-2.645-3.901-4.471-6.84-4.896L443.12,2.935c-30.497-3.437-61.292,2.995-87.864,18.352 l-63.944,37.52L157.024,6.511c-2.393-0.941-5.093-0.667-7.248,0.736L113.6,30.639c-3.711,2.398-4.774,7.351-2.376,11.061 c0.553,0.856,1.265,1.598,2.096,2.187l92.16,65.28l-69.04,40.512l-93.64-15.6c-2.547-0.424-5.142,0.407-6.968,2.232l-16,16 c-3.125,3.124-3.126,8.189-0.002,11.314c0.501,0.501,1.067,0.934,1.682,1.286l47.2,26.968c-5.86,8.874-3.417,20.819,5.458,26.68 c3.245,2.143,7.063,3.253,10.95,3.184l14.144,0.168l-9.528,38.12c-1.065,4.288,1.547,8.628,5.836,9.693 c1.471,0.365,3.015,0.305,4.452-0.173l24-8c2.01-0.669,3.673-2.107,4.624-4l23.08-46.152c27.144-8.56,54.056-18.496,80.28-29.56 v96.128c0,4.418,3.582,8,8,8c1.017,0.003,2.024-0.19,2.968-0.568l40-16c2.391-0.953,4.177-2.999,4.8-5.496l30.912-123.672 c3.2-1.76,5.6-3.2,8.048-4.728c1.92-1.168,3.928-2.4,6.536-3.904l106.576-61.488c2.441-1.404,4.525-3.353,6.088-5.696 l30.128-45.192C477.732,16.705,477.963,13.498,476.672,10.767z M132.2,37.663l22.824-14.76l118.704,46.264l-53.104,31.12 L132.2,37.663z M38.544,156.215l5.68-5.68l70.68,11.776l-32.408,19.016L38.544,156.215z M115.816,247.431l-7.032,2.344 l11.568-46.304l23.24-11.616L115.816,247.431z M304.8,129.551l-2.232,1.216l1.32,2.4l-30.656,122.896L248,266.151v-119.24 l60-30.008L304.8,129.551z M432.608,55.567c-0.192,0.289-0.45,0.527-0.752,0.696l-106.592,61.48l-1.128,0.664l3.624-14.504 c1.071-4.286-1.536-8.63-5.822-9.7c-1.851-0.462-3.807-0.248-5.514,0.604l-80,40c-2.712,1.355-4.425,4.128-4.424,7.16v22.528 c-22.928,9.88-46.464,18.848-70.232,26.8l6.872-13.752c1.979-3.95,0.381-8.757-3.569-10.736c-2.255-1.13-4.912-1.13-7.167,0 l-48,24c-2.088,1.048-3.614,2.956-4.176,5.224l-2.48,9.936l-18.296-0.208c-1.308,0.022-2.515-0.7-3.112-1.864 c-0.781-1.584-0.209-3.502,1.312-4.4L363.296,35.127c17.265-9.954,36.629-15.709,56.528-16.8 c-5.991,5.507-13.115,9.636-20.872,12.096l-7.584,2.52l5.056,15.2l7.592-2.536c14.8-4.393,27.555-13.906,35.984-26.84 c0.464,0.048,0.92,0.048,1.384,0.096l14.64,1.6L432.608,55.567z\"\/><path class=\"cwssvgi_1\" d=\"M464,461.967v-64c-0.04-35.33-28.67-63.96-64-64h-48c-35.33,0.04-63.96,28.67-64,64v64h-80v-80c0-4.418-3.582-8-8-8h-40 v-80c0-4.418-3.582-8-8-8H64c-4.418,0-8,3.582-8,8v80H24c-4.418,0-8,3.582-8,8v80H0v16h480v-16H464z M152,389.967h8v8h-8V389.967z M104,301.967h8v8h-8V301.967z M72,301.967h16v16c0,4.418,3.582,8,8,8h24c4.418,0,8-3.582,8-8v-16h16v72H72V301.967z M64,389.967 h8v8h-8V389.967z M104,461.967H32v-72h16v16c0,4.418,3.582,8,8,8h24c4.418,0,8-3.582,8-8v-16h16V461.967z M192,461.967h-72v-72h16 v16c0,4.418,3.582,8,8,8h24c4.418,0,8-3.582,8-8v-16h16V461.967z M352,349.967h48c23.413,0.029,43.401,16.92,47.336,40H304.664 C308.599,366.887,328.587,349.997,352,349.967z M400,461.967h-48v-24h48V461.967z M448,461.967h-32v-32c0-4.418-3.582-8-8-8h-64 c-4.418,0-8,3.582-8,8v32h-32v-56h144V461.967z\"\/><\/svg><\/i><\/span><div class='cws_service_info'><h6 class='cws_service_title'>Exportaci\u00f3n e Importaci\u00f3n<\/h6><div class='cws_service_desc clearfix'><p>Toda la experiencia y servicio integral del mejor aliado para transportar sus productos a los principales mercados, sin importar donde est\u00e9n.<\/p>\n<\/div><\/div><\/a><\/div><div class=\"cws_spacing\"><div class=\"cws_spacing cws_spacing_default\" style=\"height:30px;\"><\/div><\/div><div id='cws_service_item_69f34128c00e6' class='cws_service_item cws_vc_shortcode_module title_beside style_default a-left v-top'><a href='#' class='cws_service_item_wrapper clearfix'><span class='cws_service_icon_wrapper cws_service_side'><i class=\"svg\" style=\"width:64px; height:64px\"><svg data-cwssvg-init class=\"003-delivery-man.svg\" version=\"1.1\" xmlns=\"http:\/\/www.w3.org\/2000\/svg\" xmlns:xlink=\"http:\/\/www.w3.org\/1999\/xlink\" x=\"0px\" y=\"0px\" viewBox=\"0 0 487.362 487.362\" style=\"enable-background:new 0 0 487.362 487.362;\" xml:space=\"preserve\"><rect class=\"cwssvgi_0\" x=\"291.681\" y=\"415.362\" width=\"16\" height=\"16\"\/><rect class=\"cwssvgi_1\" x=\"147.681\" y=\"319.362\" width=\"48\" height=\"16\"\/><path class=\"cwssvgi_2\" d=\"M435.681,478.642l-18.736-205.8c-3.219-37.164-34.409-65.644-71.712-65.48h-53.552v-22.064 c10.259-11.632,15.945-26.594,16-42.104v-32.632c0.637-0.296,1.254-0.633,1.848-1.008c3.892-3.017,6.165-7.668,6.152-12.592 V81.426c-0.004-5.703-3.055-10.968-8-13.808V35.434c-0.036-10.705-7.125-20.104-17.408-23.08l-40-11.424 c-4.31-1.24-8.882-1.24-13.192,0l-40,11.424c-10.279,2.979-17.365,12.378-17.4,23.08v32.184c-4.945,2.84-7.996,8.106-8,13.808 v15.536c-0.018,4.93,2.255,9.588,6.152,12.608c0.589,0.421,1.207,0.8,1.848,1.136v32.52c0.055,15.51,5.741,30.472,16,42.104 v22.032h-53.552c-37.304-0.16-68.494,28.322-71.712,65.488L51.681,478.642c-0.398,4.4,2.847,8.29,7.247,8.688 c0.25,0.023,0.501,0.033,0.753,0.032h368c4.418,0.018,8.014-3.549,8.032-7.967C435.715,479.143,435.704,478.892,435.681,478.642z M291.681,143.194c-0.018,17.221-9.242,33.118-24.184,41.68v0c-23.016,13.153-52.338,5.157-65.491-17.859 c-4.146-7.254-6.326-15.466-6.325-23.821v-31.768l16.96-4.24c20.384-5.084,41.704-5.084,62.088,0l16.952,4.24V143.194z M275.681,198.602v14.192l-32,44.8l-32-44.8v-14.192c0.088,0.056,0.16,0.12,0.248,0.168c19.689,11.189,43.815,11.189,63.504,0 C275.521,198.722,275.593,198.658,275.681,198.602z M195.681,35.434c-0.002-3.573,2.365-6.714,5.8-7.696h-0.008l40-11.432 c1.432-0.412,2.952-0.412,4.384,0l40,11.424c3.447,0.974,5.826,4.122,5.824,7.704V62.93l-13.072-3.264 c-22.935-5.716-46.921-5.716-69.856,0l-13.072,3.264V35.434z M187.681,96.962V81.426l24.96-6.24 c20.381-5.088,41.699-5.088,62.08,0l24.96,6.24v15.536l-21.072-5.264c-22.932-5.716-46.916-5.716-69.848,0L187.681,96.962z M86.353,274.298c2.502-28.907,26.761-51.061,55.776-50.936h57.432l37.6,52.648c2.839,3.596,8.055,4.211,11.652,1.372 c0.509-0.402,0.97-0.863,1.372-1.372l37.616-52.648h57.432c29.012-0.125,53.27,22.024,55.776,50.928l8.456,93.072h-37.784v-80 h-256v80H77.897L86.353,274.298z M259.681,303.362v80h-32v-80H259.681z M83.681,423.362v48h-15.2l8-88h39.2v17.472 c-2.562-0.948-5.268-1.445-8-1.472C94.426,399.362,83.681,410.107,83.681,423.362z M163.681,471.362h-8h-56v-48 c0-4.418,3.582-8,8-8s8,3.582,8,8v32h48c4.418,0,8,3.582,8,8S168.1,471.362,163.681,471.362z M301.153,471.362H186.209 c0.948-2.562,1.445-5.268,1.472-8c0-13.255-10.745-24-24-24h-32v-136h80v96h64v-96h80v136h-32c-13.255,0-24,10.745-24,24 C299.708,466.094,300.206,468.8,301.153,471.362z M387.681,471.362h-64c-4.418,0-8-3.582-8-8s3.582-8,8-8h48v-32 c0-4.418,3.582-8,8-8s8,3.582,8,8V471.362z M403.681,471.362v-48c0-13.255-10.745-24-24-24c-2.732,0.026-5.438,0.524-8,1.472 v-17.472h39.24l8,88H403.681z\"\/><rect class=\"cwssvgi_3\" x=\"323.681\" y=\"415.362\" width=\"16\" height=\"16\"\/><\/svg><\/i><\/span><div class='cws_service_info'><h6 class='cws_service_title'>Asesor\u00eda \/ Coordinaci\u00f3n Aduanera<\/h6><div class='cws_service_desc clearfix'><p>Nuestro compromiso con el cliente nos motiva a brindarle la mejor asesor\u00eda tanto en tr\u00e1mites como en medidas de seguridad, de este modo su carga no se vea comprometida.<\/p>\n<\/div><\/div><\/a><\/div><div class=\"cws_spacing cws_spacing_size_sm_desctop-on cws_spacing_tablet-on cws_spacing_mobile-on\"><div class=\"cws_spacing cws_spacing_default\" style=\"height:110px;\"><\/div> <div class=\"cws_spacing cws_spacing_size_sm_desctop\" style=\"height:110px;\"><\/div> <div class=\"cws_spacing cws_spacing_tablet\" style=\"height:80px;\"><\/div> <div class=\"cws_spacing cws_spacing_mobile\" style=\"height:30px;\"><\/div><\/div>[\/vc_column][vc_column width=\u00bb7\/12&#8243;]<div class=\"cws_spacing cws_spacing_size_sm_desctop-on cws_spacing_tablet-on cws_spacing_mobile-on\"><div class=\"cws_spacing cws_spacing_default\" style=\"height:100px;\"><\/div> <div class=\"cws_spacing cws_spacing_size_sm_desctop\" style=\"height:50px;\"><\/div> <div class=\"cws_spacing cws_spacing_tablet\" style=\"height:30px;\"><\/div> <div class=\"cws_spacing cws_spacing_mobile\" style=\"height:20px;\"><\/div><\/div>[vc_single_image image=\u00bb3113&#8243; img_size=\u00bblarge\u00bb alignment=\u00bbcenter\u00bb][\/vc_column][\/vc_row]\n","protected":false},"excerpt":{"rendered":"<p>[vc_row][vc_column width=\u00bb1\/4&#8243;][\/vc_column][vc_column width=\u00bb3\/4&#8243; css=\u00bb.vc_custom_1548157427634{padding-right: 100px !important;}\u00bb][\/vc_column][\/vc_row][vc_row full_width=\u00bbstretch_row_content_no_spaces\u00bb][vc_column][vc_row_inner][vc_column_inner][\/vc_column_inner][\/vc_row_inner][\/vc_column][\/vc_row][vc_row full_width=\u00bbstretch_row\u00bb equal_height=\u00bbyes\u00bb bg_image_position=\u00bbcenter_center\u00bb css=\u00bb.vc_custom_1605402124715{background: #2f3985 url(https:\/\/logitransport.com.ec\/wp-content\/uploads\/2020\/11\/lOGITRANSPORT-sEP\u00b4TIEMBRE-2020Mesa-de-trabajo-1-copia-8-3.png?id=3164) !important;}\u00bb][vc_column width=\u00bb5\/12&#8243; css=\u00bb.vc_custom_1548160073919{padding-right: 130px !important;}\u00bb][\/vc_column][vc_column width=\u00bb7\/12&#8243;][vc_single_image image=\u00bb3113&#8243; img_size=\u00bblarge\u00bb alignment=\u00bbcenter\u00bb][\/vc_column][\/vc_row]<\/p>\n","protected":false},"author":1,"featured_media":0,"parent":0,"menu_order":0,"comment_status":"closed","ping_status":"closed","template":"","meta":{"footnotes":""},"class_list":["post-1354","page","type-page","status-publish","hentry"],"_links":{"self":[{"href":"https:\/\/logitransport.com.ec\/index.php\/wp-json\/wp\/v2\/pages\/1354","targetHints":{"allow":["GET"]}}],"collection":[{"href":"https:\/\/logitransport.com.ec\/index.php\/wp-json\/wp\/v2\/pages"}],"about":[{"href":"https:\/\/logitransport.com.ec\/index.php\/wp-json\/wp\/v2\/types\/page"}],"author":[{"embeddable":true,"href":"https:\/\/logitransport.com.ec\/index.php\/wp-json\/wp\/v2\/users\/1"}],"replies":[{"embeddable":true,"href":"https:\/\/logitransport.com.ec\/index.php\/wp-json\/wp\/v2\/comments?post=1354"}],"version-history":[{"count":8,"href":"https:\/\/logitransport.com.ec\/index.php\/wp-json\/wp\/v2\/pages\/1354\/revisions"}],"predecessor-version":[{"id":3189,"href":"https:\/\/logitransport.com.ec\/index.php\/wp-json\/wp\/v2\/pages\/1354\/revisions\/3189"}],"wp:attachment":[{"href":"https:\/\/logitransport.com.ec\/index.php\/wp-json\/wp\/v2\/media?parent=1354"}],"curies":[{"name":"wp","href":"https:\/\/api.w.org\/{rel}","templated":true}]}}